{"id":1778,"date":"2020-08-24T12:15:07","date_gmt":"2020-08-24T10:15:07","guid":{"rendered":"http:\/\/www.masdemourgues.com\/camping-nimes\/"},"modified":"2020-10-08T13:55:58","modified_gmt":"2020-10-08T11:55:58","slug":"kamperen-nimes","status":"publish","type":"page","link":"https:\/\/www.masdemourgues.com\/nl\/kamperen-nimes\/","title":{"rendered":"Alentours : Nimes"},"content":{"rendered":"<section id=\"section-5f4f90707365b\"\" class=\"section bg-color3\" \/><div class=\"container  extralarge\"><h1 class=\"element section-title center\">Camping Nimes<\/h1><\/div><\/section>\n\n<section id=\"section-5f4f907073dc7\"\" class=\"section bg-color5 p-t-0 p-b-0\" \/><div class=\"container  extralarge\"><div class=\"colonnes-wrap valign-middle \"><div class=\"element colonne p-x-6 p-y-4\"><div class=\"element bloc-text justify \">\n\t<p>Voor <strong class=\"bold color1\">het bezoeken van N\u00eemes en zijn beroemde arena&#8217;s<\/strong> in de Gard, is de Mas de Mourgues de ideale plek. Familiecamping gelegen op slechts 28 km ten zuiden van N\u00eemes, het biedt een kwaliteit van de diensten en een groene omgeving perfect voor <strong class=\"bold color1\">vakanties in de Provence<\/strong>. <\/p>\n<p>U kunt kiezen tussen een schaduwrijke standplaats voor tent of caravan of de huur van een goedkope en goed uitgeruste stacaravan. De aanwezigheid van een verwarmd zwembad en een speeltuin voor de kinderen maken het een <strong class=\"bold color1\">camping voor het hele gezin<\/strong> op slechts 30mn van N\u00eemes. <\/p>\n<\/div><\/div><div class=\"element colonne p-0\"><div class=\"element images scroll-x-mobile\"><div class=\"image\"><img decoding=\"async\" src=\"https:\/\/www.masdemourgues.com\/wp-content\/uploads\/2020\/09\/camping-a-nimes-85x100.jpg\" data-src=\"https:\/\/www.masdemourgues.com\/wp-content\/uploads\/2020\/09\/camping-a-nimes.jpg\" alt=\"camping a nimes\" class=\"images_image\" \/><\/div><\/div><\/div><\/div><\/div><\/section>\n\n<section id=\"section-5f4f907074291\"\" class=\"section bg-color3 p-t-0 p-b-0\" \/><div class=\"container  full\"><div class=\"colonnes-wrap valign-middle \"><div class=\"element colonne w-20 p-0\"><div class=\"element images scroll-x-mobile\"><div class=\"image\"><img decoding=\"async\" src=\"https:\/\/www.masdemourgues.com\/wp-content\/uploads\/2020\/09\/location-mobil-home-nimes-69x100.jpg\" data-src=\"https:\/\/www.masdemourgues.com\/wp-content\/uploads\/2020\/09\/location-mobil-home-nimes.jpg\" alt=\"location mobil home nimes\" class=\"images_image\" \/><\/div><\/div><\/div><div class=\"element colonne w-60 p-x-4\"><h2 class=\"element section-title center\">Verhuur van stacaravans in de buurt van Nimes<\/h2><div class=\"element bloc-text center \">\n\t<p>Voor de huur van een stacaravan in N\u00eemes kunt u kiezen voor de Mas de Mourgues in Vauvert uit een ruim assortiment van 8 modellen die geschikt zijn voor 4 tot 6 personen op een oppervlakte van 20m\u00b2 tot 33m\u00b2. <\/p>\n<p>Al onze stacaravans te huur hebben een volledig uitgeruste kitchenette, een badkamer gescheiden van de toiletten, een televisietoestel en een overdekt of semi-overdekt terras. De airconditioning is aanwezig in 5 modellen van <strong class=\"bold color1\">mobilhomes in de buurt van N\u00eemes<\/strong>. <\/p>\n<p>U kunt ook kiezen voor de <strong class=\"bold color1\">verhuurbungalow N\u00eemes<\/strong> met een mooie 20m\u00b2 canvas bungalow met 2 slaapkamers en een keuken.<\/p>\n<\/div><\/div><div class=\"element colonne w-20 p-0\"><div class=\"element images scroll-x-mobile\"><div class=\"image\"><img decoding=\"async\" src=\"https:\/\/www.masdemourgues.com\/wp-content\/uploads\/2020\/09\/mobil-home-nimes-69x100.jpg\" data-src=\"https:\/\/www.masdemourgues.com\/wp-content\/uploads\/2020\/09\/mobil-home-nimes.jpg\" alt=\"mobil-home nimes\" class=\"images_image\" \/><\/div><\/div><\/div><\/div><\/div><\/section>\n\n<section id=\"section-5f4f9070747a9\"\" class=\"section bg-color5 p-t-0 p-b-0\" \/><div class=\"container  extralarge\"><div class=\"colonnes-wrap valign-middle \"><div class=\"element colonne p-0\"><div class=\"element images scroll-x-mobile\"><div class=\"image\"><img decoding=\"async\" src=\"https:\/\/www.masdemourgues.com\/wp-content\/uploads\/2020\/09\/patrimoine-nimes-71x100.jpg\" data-src=\"https:\/\/www.masdemourgues.com\/wp-content\/uploads\/2020\/09\/patrimoine-nimes.jpg\" alt=\"patrimoine nimes\" class=\"images_image\" \/><\/div><\/div><\/div><div class=\"element colonne p-x-6 p-y-4\"><h2 class=\"element section-title justify\">Te ontdekken in Nimes<\/h2><div class=\"element bloc-text justify \">\n\t<p>Aangename stad van kunst en geschiedenis in het zuiden van Frankrijk, N\u00eemes is er in overvloed in <strong class=\"bold color1\">gewone plaatsen<\/strong> en heeft een sterk toeristisch belang. Daarom presenteren we hier onze <strong class=\"bold color1\">top 10 van de beste bezoeken in N\u00eemes<\/strong> :<\/p>\n<ul>\n<li><strong class=\"bold color1\">De arena&#8217;s van N\u00eemes<\/strong>, het emblematische Romeinse amfitheater van de stad.<\/li>\n<li><strong class=\"bold color1\">Het Square House<\/strong>, een Romeinse tempel van meer dan 1900 jaar oud.<\/li>\n<li><strong class=\"bold color1\">L&#8217;Ecusson<\/strong> : het historische centrum van N\u00eemes bestaat uit smalle straatjes waar de overblijfselen van het verleden samenleven met caf\u00e9s, restaurants en winkels..<\/li>\n<li><strong class=\"bold color1\">Het Museum van de Romaniteit<\/strong>, dat prachtige collecties Romeinse voorwerpen in een modern gebouw herbergt.<\/li>\n<li><strong class=\"bold color1\">De tuinen van de Fontein<\/strong>, waar u de Magne Toren en de Tempel van Diana kunt bezoeken.<\/li>\n<li><strong class=\"bold color1\">Andere Romeinse overblijfselen<\/strong> zoals het Romeinse omhulsel en het castellum aquae.<\/li>\n<li><strong class=\"bold color1\">Le Carr\u00e9 d&#8217;Art<\/strong>, een prachtige ruimte gewijd aan hedendaagse kunst.<\/li>\n<li><strong class=\"bold color1\">Het hout van Espeisses<\/strong> om een frisse wind te laten waaien.<\/li>\n<li><strong class=\"bold color1\">De centrale zalen van N\u00eemes<\/strong> waar u alle regionale specialiteiten kunt proeven.<\/li>\n<li><strong class=\"bold color1\">Het Vieux-N\u00eemes museum<\/strong> om meer te weten te komen over deze fantastische stad om te ontdekken tijdens uw kampeervakantie in de buurt van N\u00eemes.\u00a0<\/li>\n<\/ul>\n<\/div><\/div><\/div><\/div><\/section>\n\n<section id=\"section-5f4f907074be2\"\" class=\"section bg-color3\" \/><div class=\"container  extralarge\"><div class=\"element section-title center cta-title m-t-2 m-b-4\">Ontdek de omgeving van N\u00eemes<\/div><ul class=\"liste-de-page \"><li class=\"element call-to-action center cta-title m-t-2 m-b-4 call-to-action--style-1 call-to-action--big\"><a href=\"https:\/\/www.masdemourgues.com\/nl\/kamperen-via-rhona\/\"  class=\"call-to-action_link\" title=\"Meer informatie over de via rhona\"><div class=\"call-to-action_image\"><img decoding=\"async\" src=\"https:\/\/www.masdemourgues.com\/wp-content\/uploads\/2020\/09\/camping-via-rhona-camargue-100x67.jpg\" data-src=\"https:\/\/www.masdemourgues.com\/wp-content\/uploads\/2020\/09\/camping-via-rhona-camargue.jpg\" alt=\"camping via rhona camargue\" class=\"big\" \/><\/div><div class=\"call-to-action_contenu\"><div class=\"call-to-action_titre\">De Via Rhona<\/div><\/div><\/a><\/li><li class=\"element call-to-action center cta-title m-t-2 m-b-4 call-to-action--style-1 call-to-action--big call-to-action--style-1 call-to-action--big\"><a href=\"https:\/\/www.masdemourgues.com\/nl\/kamperen-gard\/\"  class=\"call-to-action_link\" title=\"Meer informatie over gard\"><div class=\"call-to-action_image\"><img decoding=\"async\" src=\"https:\/\/www.masdemourgues.com\/wp-content\/uploads\/2020\/10\/vacances-gard-100x67.jpg\" data-src=\"https:\/\/www.masdemourgues.com\/wp-content\/uploads\/2020\/10\/vacances-gard.jpg\" alt=\"vacances gard\" class=\"big\" \/><\/div><div class=\"call-to-action_contenu\"><div class=\"call-to-action_titre\">Gard<\/div><\/div><\/a><\/li><li class=\"element call-to-action center cta-title m-t-2 m-b-4 call-to-action--style-1 call-to-action--big call-to-action--style-1 call-to-action--big call-to-action--style-1 call-to-action--big\"><a href=\"https:\/\/www.masdemourgues.com\/nl\/kamperen-arles\/\"  class=\"call-to-action_link\" title=\"Meer informatie over arles\"><div class=\"call-to-action_image\"><img decoding=\"async\" src=\"https:\/\/www.masdemourgues.com\/wp-content\/uploads\/2020\/09\/tourisme-arles-100x67.jpg\" data-src=\"https:\/\/www.masdemourgues.com\/wp-content\/uploads\/2020\/09\/tourisme-arles.jpg\" alt=\"tourisme arles\" class=\"big\" \/><\/div><div class=\"call-to-action_contenu\"><div class=\"call-to-action_titre\">Arles<span class=\"call-to-action_titre-distance\"> &#8211; 31km<\/span><\/div><\/div><\/a><\/li><\/ul><\/div><\/section>","protected":false},"excerpt":{"rendered":"","protected":false},"author":1,"featured_media":1456,"parent":0,"menu_order":0,"comment_status":"closed","ping_status":"closed","template":"","meta":{"_acf_changed":false,"om_disable_all_campaigns":false,"_uf_show_specific_survey":0,"_uf_disable_surveys":false,"footnotes":""},"class_list":["post-1778","page","type-page","status-publish","has-post-thumbnail","hentry"],"acf":[],"yoast_head":"<!-- This site is optimized with the Yoast SEO plugin v25.3 - https:\/\/yoast.com\/wordpress\/plugins\/seo\/ -->\n<title>Camping N\u00eemes | Verhuur stacaravans N\u00eemes | Wat te doen in N\u00eemes ?<\/title>\n<meta name=\"robots\" content=\"index, follow, max-snippet:-1, max-image-preview:large, max-video-preview:-1\" \/>\n<link rel=\"canonical\" href=\"https:\/\/www.masdemourgues.com\/nl\/kamperen-nimes\/\" \/>\n<meta property=\"og:locale\" content=\"nl_NL\" \/>\n<meta property=\"og:type\" content=\"article\" \/>\n<meta property=\"og:title\" content=\"Camping N\u00eemes | Verhuur stacaravans N\u00eemes | Wat te doen in N\u00eemes ?\" \/>\n<meta property=\"og:url\" content=\"https:\/\/www.masdemourgues.com\/nl\/kamperen-nimes\/\" \/>\n<meta property=\"og:site_name\" content=\"Camping le Mas de Mourgues\" \/>\n<meta property=\"article:modified_time\" content=\"2020-10-08T11:55:58+00:00\" \/>\n<meta property=\"og:image\" content=\"https:\/\/www.masdemourgues.com\/wp-content\/uploads\/2020\/09\/arene-de-nimes-1.jpg\" \/>\n\t<meta property=\"og:image:width\" content=\"1903\" \/>\n\t<meta property=\"og:image:height\" content=\"500\" \/>\n\t<meta property=\"og:image:type\" content=\"image\/jpeg\" \/>\n<meta name=\"twitter:card\" content=\"summary_large_image\" \/>\n<script type=\"application\/ld+json\" class=\"yoast-schema-graph\">{\"@context\":\"https:\/\/schema.org\",\"@graph\":[{\"@type\":\"WebPage\",\"@id\":\"https:\/\/www.masdemourgues.com\/nl\/kamperen-nimes\/\",\"url\":\"https:\/\/www.masdemourgues.com\/nl\/kamperen-nimes\/\",\"name\":\"Camping N\u00eemes | Verhuur stacaravans N\u00eemes | Wat te doen in N\u00eemes ?\",\"isPartOf\":{\"@id\":\"https:\/\/www.masdemourgues.com\/nl\/#website\"},\"primaryImageOfPage\":{\"@id\":\"https:\/\/www.masdemourgues.com\/nl\/kamperen-nimes\/#primaryimage\"},\"image\":{\"@id\":\"https:\/\/www.masdemourgues.com\/nl\/kamperen-nimes\/#primaryimage\"},\"thumbnailUrl\":\"https:\/\/www.masdemourgues.com\/wp-content\/uploads\/2020\/09\/arene-de-nimes-1.jpg\",\"datePublished\":\"2020-08-24T10:15:07+00:00\",\"dateModified\":\"2020-10-08T11:55:58+00:00\",\"breadcrumb\":{\"@id\":\"https:\/\/www.masdemourgues.com\/nl\/kamperen-nimes\/#breadcrumb\"},\"inLanguage\":\"nl-NL\",\"potentialAction\":[{\"@type\":\"ReadAction\",\"target\":[\"https:\/\/www.masdemourgues.com\/nl\/kamperen-nimes\/\"]}]},{\"@type\":\"ImageObject\",\"inLanguage\":\"nl-NL\",\"@id\":\"https:\/\/www.masdemourgues.com\/nl\/kamperen-nimes\/#primaryimage\",\"url\":\"https:\/\/www.masdemourgues.com\/wp-content\/uploads\/2020\/09\/arene-de-nimes-1.jpg\",\"contentUrl\":\"https:\/\/www.masdemourgues.com\/wp-content\/uploads\/2020\/09\/arene-de-nimes-1.jpg\",\"width\":1903,\"height\":500,\"caption\":\"arene de nimes\"},{\"@type\":\"BreadcrumbList\",\"@id\":\"https:\/\/www.masdemourgues.com\/nl\/kamperen-nimes\/#breadcrumb\",\"itemListElement\":[{\"@type\":\"ListItem\",\"position\":1,\"name\":\"Kamperen Camargue\",\"item\":\"https:\/\/www.masdemourgues.com\/nl\/\"},{\"@type\":\"ListItem\",\"position\":2,\"name\":\"Activiteiten in N\u00eemes\"}]},{\"@type\":\"WebSite\",\"@id\":\"https:\/\/www.masdemourgues.com\/nl\/#website\",\"url\":\"https:\/\/www.masdemourgues.com\/nl\/\",\"name\":\"Camping le Mas de Mourgues\",\"description\":\"\",\"potentialAction\":[{\"@type\":\"SearchAction\",\"target\":{\"@type\":\"EntryPoint\",\"urlTemplate\":\"https:\/\/www.masdemourgues.com\/nl\/?s={search_term_string}\"},\"query-input\":{\"@type\":\"PropertyValueSpecification\",\"valueRequired\":true,\"valueName\":\"search_term_string\"}}],\"inLanguage\":\"nl-NL\"}]}<\/script>\n<!-- \/ Yoast SEO plugin. -->","yoast_head_json":{"title":"Camping N\u00eemes | Verhuur stacaravans N\u00eemes | Wat te doen in N\u00eemes ?","robots":{"index":"index","follow":"follow","max-snippet":"max-snippet:-1","max-image-preview":"max-image-preview:large","max-video-preview":"max-video-preview:-1"},"canonical":"https:\/\/www.masdemourgues.com\/nl\/kamperen-nimes\/","og_locale":"nl_NL","og_type":"article","og_title":"Camping N\u00eemes | Verhuur stacaravans N\u00eemes | Wat te doen in N\u00eemes ?","og_url":"https:\/\/www.masdemourgues.com\/nl\/kamperen-nimes\/","og_site_name":"Camping le Mas de Mourgues","article_modified_time":"2020-10-08T11:55:58+00:00","og_image":[{"width":1903,"height":500,"url":"https:\/\/www.masdemourgues.com\/wp-content\/uploads\/2020\/09\/arene-de-nimes-1.jpg","type":"image\/jpeg"}],"twitter_card":"summary_large_image","schema":{"@context":"https:\/\/schema.org","@graph":[{"@type":"WebPage","@id":"https:\/\/www.masdemourgues.com\/nl\/kamperen-nimes\/","url":"https:\/\/www.masdemourgues.com\/nl\/kamperen-nimes\/","name":"Camping N\u00eemes | Verhuur stacaravans N\u00eemes | Wat te doen in N\u00eemes ?","isPartOf":{"@id":"https:\/\/www.masdemourgues.com\/nl\/#website"},"primaryImageOfPage":{"@id":"https:\/\/www.masdemourgues.com\/nl\/kamperen-nimes\/#primaryimage"},"image":{"@id":"https:\/\/www.masdemourgues.com\/nl\/kamperen-nimes\/#primaryimage"},"thumbnailUrl":"https:\/\/www.masdemourgues.com\/wp-content\/uploads\/2020\/09\/arene-de-nimes-1.jpg","datePublished":"2020-08-24T10:15:07+00:00","dateModified":"2020-10-08T11:55:58+00:00","breadcrumb":{"@id":"https:\/\/www.masdemourgues.com\/nl\/kamperen-nimes\/#breadcrumb"},"inLanguage":"nl-NL","potentialAction":[{"@type":"ReadAction","target":["https:\/\/www.masdemourgues.com\/nl\/kamperen-nimes\/"]}]},{"@type":"ImageObject","inLanguage":"nl-NL","@id":"https:\/\/www.masdemourgues.com\/nl\/kamperen-nimes\/#primaryimage","url":"https:\/\/www.masdemourgues.com\/wp-content\/uploads\/2020\/09\/arene-de-nimes-1.jpg","contentUrl":"https:\/\/www.masdemourgues.com\/wp-content\/uploads\/2020\/09\/arene-de-nimes-1.jpg","width":1903,"height":500,"caption":"arene de nimes"},{"@type":"BreadcrumbList","@id":"https:\/\/www.masdemourgues.com\/nl\/kamperen-nimes\/#breadcrumb","itemListElement":[{"@type":"ListItem","position":1,"name":"Kamperen Camargue","item":"https:\/\/www.masdemourgues.com\/nl\/"},{"@type":"ListItem","position":2,"name":"Activiteiten in N\u00eemes"}]},{"@type":"WebSite","@id":"https:\/\/www.masdemourgues.com\/nl\/#website","url":"https:\/\/www.masdemourgues.com\/nl\/","name":"Camping le Mas de Mourgues","description":"","potentialAction":[{"@type":"SearchAction","target":{"@type":"EntryPoint","urlTemplate":"https:\/\/www.masdemourgues.com\/nl\/?s={search_term_string}"},"query-input":{"@type":"PropertyValueSpecification","valueRequired":true,"valueName":"search_term_string"}}],"inLanguage":"nl-NL"}]}},"_links":{"self":[{"href":"https:\/\/www.masdemourgues.com\/nl\/wp-json\/wp\/v2\/pages\/1778","targetHints":{"allow":["GET"]}}],"collection":[{"href":"https:\/\/www.masdemourgues.com\/nl\/wp-json\/wp\/v2\/pages"}],"about":[{"href":"https:\/\/www.masdemourgues.com\/nl\/wp-json\/wp\/v2\/types\/page"}],"author":[{"embeddable":true,"href":"https:\/\/www.masdemourgues.com\/nl\/wp-json\/wp\/v2\/users\/1"}],"replies":[{"embeddable":true,"href":"https:\/\/www.masdemourgues.com\/nl\/wp-json\/wp\/v2\/comments?post=1778"}],"version-history":[{"count":4,"href":"https:\/\/www.masdemourgues.com\/nl\/wp-json\/wp\/v2\/pages\/1778\/revisions"}],"predecessor-version":[{"id":1840,"href":"https:\/\/www.masdemourgues.com\/nl\/wp-json\/wp\/v2\/pages\/1778\/revisions\/1840"}],"wp:featuredmedia":[{"embeddable":true,"href":"https:\/\/www.masdemourgues.com\/nl\/wp-json\/wp\/v2\/media\/1456"}],"wp:attachment":[{"href":"https:\/\/www.masdemourgues.com\/nl\/wp-json\/wp\/v2\/media?parent=1778"}],"curies":[{"name":"wp","href":"https:\/\/api.w.org\/{rel}","templated":true}]}}